{"id":90,"date":"2020-07-05T14:35:17","date_gmt":"2020-07-05T12:35:17","guid":{"rendered":"https:\/\/www.franceeco-franceoligo.fr\/?page_id=90"},"modified":"2020-12-01T18:21:18","modified_gmt":"2020-12-01T17:21:18","slug":"france-eco-france-oligo","status":"publish","type":"page","link":"https:\/\/www.franceeco-franceoligo.fr\/","title":{"rendered":"Accueil"},"content":{"rendered":"\n<p><FONT face=\"Montserrat\"><FONT size=\"1pt\"><span style=\"color: #ffffff;\">Accueil France Eco France Oligo,Distributeur Viticulture arboriculture grandes cultures.<\/span><\/FONT><\/FONT><\/p><\/p>\n","protected":false},"excerpt":{"rendered":"<p>Accueil France Eco France Oligo,Distributeur Viticulture arboriculture grandes cultures.<\/p>\n","protected":false},"author":1,"featured_media":243,"parent":0,"menu_order":0,"comment_status":"closed","ping_status":"closed","template":"","meta":{"_monsterinsights_skip_tracking":false,"_monsterinsights_sitenote_active":false,"_monsterinsights_sitenote_note":"","_monsterinsights_sitenote_category":0},"yoast_head":"<!-- This site is optimized with the Yoast SEO plugin v16.1.1 - https:\/\/yoast.com\/wordpress\/plugins\/seo\/ -->\n<title>France ECO France Oligo : Viticulture Arboriculture Grandes Cultures<\/title>\n<meta name=\"description\" content=\"France ECO - France Oligo :Nutrition, Ch\u00e9lates, Accompagnement HVE, F\u00fbts de ch\u00eane - Articles et v\u00eatements publicitaires Goodies, Bouchons, Conteneurs.\" \/>\n<link rel=\"canonical\" href=\"https:\/\/www.franceeco-franceoligo.fr\/\" \/>\n<meta property=\"og:locale\" content=\"fr_FR\" \/>\n<meta property=\"og:type\" content=\"article\" \/>\n<meta property=\"og:title\" content=\"France ECO France Oligo : Viticulture Arboriculture Grandes Cultures\" \/>\n<meta property=\"og:description\" content=\"France ECO - France Oligo :Nutrition, Ch\u00e9lates, Accompagnement HVE, F\u00fbts de ch\u00eane - Articles et v\u00eatements publicitaires Goodies, Bouchons, Conteneurs.\" \/>\n<meta property=\"og:url\" content=\"https:\/\/www.franceeco-franceoligo.fr\/\" \/>\n<meta property=\"og:site_name\" content=\"France ECO - France Oligo\" \/>\n<meta property=\"article:publisher\" content=\"https:\/\/www.facebook.com\/franceeco.sarl\" \/>\n<meta property=\"article:modified_time\" content=\"2020-12-01T17:21:18+00:00\" \/>\n<meta property=\"og:image\" content=\"https:\/\/www.franceeco-franceoligo.fr\/wp-content\/uploads\/2020\/07\/foliaires-ch\u00e9lates.png\" \/>\n\t<meta property=\"og:image:width\" content=\"743\" \/>\n\t<meta property=\"og:image:height\" content=\"676\" \/>\n<meta name=\"twitter:card\" content=\"summary_large_image\" \/>\n<meta name=\"twitter:label1\" content=\"Dur\u00e9e de lecture est.\">\n\t<meta name=\"twitter:data1\" content=\"15 minutes\">\n<script type=\"application\/ld+json\" class=\"yoast-schema-graph\">{\"@context\":\"https:\/\/schema.org\",\"@graph\":[{\"@type\":\"Organization\",\"@id\":\"https:\/\/www.franceeco-franceoligo.fr\/#organization\",\"name\":\"France ECO - France Oligo\",\"url\":\"https:\/\/www.franceeco-franceoligo.fr\/\",\"sameAs\":[\"https:\/\/www.facebook.com\/franceeco.sarl\"],\"logo\":{\"@type\":\"ImageObject\",\"@id\":\"https:\/\/www.franceeco-franceoligo.fr\/#logo\",\"inLanguage\":\"fr-FR\",\"url\":\"https:\/\/www.franceeco-franceoligo.fr\/wp-content\/uploads\/2020\/07\/foliaires-ch\\u00e9lates-jpg.jpg\",\"contentUrl\":\"https:\/\/www.franceeco-franceoligo.fr\/wp-content\/uploads\/2020\/07\/foliaires-ch\\u00e9lates-jpg.jpg\",\"width\":505,\"height\":612,\"caption\":\"France ECO - France Oligo\"},\"image\":{\"@id\":\"https:\/\/www.franceeco-franceoligo.fr\/#logo\"}},{\"@type\":\"WebSite\",\"@id\":\"https:\/\/www.franceeco-franceoligo.fr\/#website\",\"url\":\"https:\/\/www.franceeco-franceoligo.fr\/\",\"name\":\"France ECO - France Oligo\",\"description\":\"Producteur et distributeur : viticulture, arboriculture et grandes cultures\",\"publisher\":{\"@id\":\"https:\/\/www.franceeco-franceoligo.fr\/#organization\"},\"potentialAction\":[{\"@type\":\"SearchAction\",\"target\":\"https:\/\/www.franceeco-franceoligo.fr\/?s={search_term_string}\",\"query-input\":\"required name=search_term_string\"}],\"inLanguage\":\"fr-FR\"},{\"@type\":\"ImageObject\",\"@id\":\"https:\/\/www.franceeco-franceoligo.fr\/#primaryimage\",\"inLanguage\":\"fr-FR\",\"url\":\"https:\/\/www.franceeco-franceoligo.fr\/wp-content\/uploads\/2020\/07\/foliaires-ch\\u00e9lates.png\",\"contentUrl\":\"https:\/\/www.franceeco-franceoligo.fr\/wp-content\/uploads\/2020\/07\/foliaires-ch\\u00e9lates.png\",\"width\":743,\"height\":676,\"caption\":\"chelates foliaires francais france eco oligo reims\"},{\"@type\":\"WebPage\",\"@id\":\"https:\/\/www.franceeco-franceoligo.fr\/#webpage\",\"url\":\"https:\/\/www.franceeco-franceoligo.fr\/\",\"name\":\"France ECO France Oligo : Viticulture Arboriculture Grandes Cultures\",\"isPartOf\":{\"@id\":\"https:\/\/www.franceeco-franceoligo.fr\/#website\"},\"primaryImageOfPage\":{\"@id\":\"https:\/\/www.franceeco-franceoligo.fr\/#primaryimage\"},\"datePublished\":\"2020-07-05T12:35:17+00:00\",\"dateModified\":\"2020-12-01T17:21:18+00:00\",\"description\":\"France ECO - France Oligo :Nutrition, Ch\\u00e9lates, Accompagnement HVE, F\\u00fbts de ch\\u00eane - Articles et v\\u00eatements publicitaires Goodies, Bouchons, Conteneurs.\",\"breadcrumb\":{\"@id\":\"https:\/\/www.franceeco-franceoligo.fr\/#breadcrumb\"},\"inLanguage\":\"fr-FR\",\"potentialAction\":[{\"@type\":\"ReadAction\",\"target\":[\"https:\/\/www.franceeco-franceoligo.fr\/\"]}]},{\"@type\":\"BreadcrumbList\",\"@id\":\"https:\/\/www.franceeco-franceoligo.fr\/#breadcrumb\",\"itemListElement\":[{\"@type\":\"ListItem\",\"position\":1,\"item\":{\"@type\":\"WebPage\",\"@id\":\"https:\/\/www.franceeco-franceoligo.fr\/\",\"url\":\"https:\/\/www.franceeco-franceoligo.fr\/\",\"name\":\"Accueil\"}},{\"@type\":\"ListItem\",\"position\":2,\"item\":{\"@type\":\"WebPage\",\"@id\":\"https:\/\/www.franceeco-franceoligo.fr\/\",\"url\":\"https:\/\/www.franceeco-franceoligo.fr\/\",\"name\":\"Accueil\"}}]}]}<\/script>\n<!-- \/ Yoast SEO plugin. -->","_links":{"self":[{"href":"https:\/\/www.franceeco-franceoligo.fr\/index.php\/wp-json\/wp\/v2\/pages\/90"}],"collection":[{"href":"https:\/\/www.franceeco-franceoligo.fr\/index.php\/wp-json\/wp\/v2\/pages"}],"about":[{"href":"https:\/\/www.franceeco-franceoligo.fr\/index.php\/wp-json\/wp\/v2\/types\/page"}],"author":[{"embeddable":true,"href":"https:\/\/www.franceeco-franceoligo.fr\/index.php\/wp-json\/wp\/v2\/users\/1"}],"replies":[{"embeddable":true,"href":"https:\/\/www.franceeco-franceoligo.fr\/index.php\/wp-json\/wp\/v2\/comments?post=90"}],"version-history":[{"count":110,"href":"https:\/\/www.franceeco-franceoligo.fr\/index.php\/wp-json\/wp\/v2\/pages\/90\/revisions"}],"predecessor-version":[{"id":1348,"href":"https:\/\/www.franceeco-franceoligo.fr\/index.php\/wp-json\/wp\/v2\/pages\/90\/revisions\/1348"}],"wp:featuredmedia":[{"embeddable":true,"href":"https:\/\/www.franceeco-franceoligo.fr\/index.php\/wp-json\/wp\/v2\/media\/243"}],"wp:attachment":[{"href":"https:\/\/www.franceeco-franceoligo.fr\/index.php\/wp-json\/wp\/v2\/media?parent=90"}],"curies":[{"name":"wp","href":"https:\/\/api.w.org\/{rel}","templated":true}]}}