{"id":36,"date":"2020-07-05T13:28:08","date_gmt":"2020-07-05T11:28:08","guid":{"rendered":"https:\/\/www.franceeco-franceoligo.fr\/?page_id=36"},"modified":"2020-11-18T11:43:50","modified_gmt":"2020-11-18T10:43:50","slug":"personnalisation-articles-publicitaires","status":"publish","type":"page","link":"https:\/\/www.franceeco-franceoligo.fr\/index.php\/personnalisation-articles-publicitaires\/","title":{"rendered":"Personnalisation"},"content":{"rendered":"\n<p><FONT face=\"Montserrat\"><FONT size=\"1pt\"><span style=\"color: #ffffff;\">Personnalisation France Eco France Oligo,Distributeur Viticulture arboriculture grandes cultures.<\/span><\/FONT><\/FONT><\/p><p><\/p>\n","protected":false},"excerpt":{"rendered":"<p>Personnalisation France Eco France Oligo,Distributeur Viticulture arboriculture grandes cultures.<\/p>\n","protected":false},"author":1,"featured_media":595,"parent":0,"menu_order":0,"comment_status":"closed","ping_status":"closed","template":"","meta":{"_monsterinsights_skip_tracking":false,"_monsterinsights_sitenote_active":false,"_monsterinsights_sitenote_note":"","_monsterinsights_sitenote_category":0},"yoast_head":"<!-- This site is optimized with the Yoast SEO plugin v16.1.1 - https:\/\/yoast.com\/wordpress\/plugins\/seo\/ -->\n<title>Personnalisation articles publicitaires champagne - France ECO<\/title>\n<meta name=\"description\" content=\"D\u00e9couvrez notre service personnalisation : Champagne (cartons, \u00e9tuis, fl\u00fbtes), PLV (stand, rollup), textiles, v\u00eatements, goodies et articles publicitaires.\" \/>\n<link rel=\"canonical\" href=\"https:\/\/www.franceeco-franceoligo.fr\/index.php\/personnalisation-articles-publicitaires\/\" \/>\n<meta property=\"og:locale\" content=\"fr_FR\" \/>\n<meta property=\"og:type\" content=\"article\" \/>\n<meta property=\"og:title\" content=\"Personnalisation articles publicitaires champagne - France ECO\" \/>\n<meta property=\"og:description\" content=\"D\u00e9couvrez notre service personnalisation : Champagne (cartons, \u00e9tuis, fl\u00fbtes), PLV (stand, rollup), textiles, v\u00eatements, goodies et articles publicitaires.\" \/>\n<meta property=\"og:url\" content=\"https:\/\/www.franceeco-franceoligo.fr\/index.php\/personnalisation-articles-publicitaires\/\" \/>\n<meta property=\"og:site_name\" content=\"France ECO - France Oligo\" \/>\n<meta property=\"article:publisher\" content=\"https:\/\/www.facebook.com\/franceeco.sarl\" \/>\n<meta property=\"article:modified_time\" content=\"2020-11-18T10:43:50+00:00\" \/>\n<meta property=\"og:image\" content=\"https:\/\/www.franceeco-franceoligo.fr\/wp-content\/uploads\/2020\/07\/perso-g\u00e9n\u00e9ral.jpg\" \/>\n\t<meta property=\"og:image:width\" content=\"438\" \/>\n\t<meta property=\"og:image:height\" content=\"481\" \/>\n<meta name=\"twitter:card\" content=\"summary_large_image\" \/>\n<meta name=\"twitter:label1\" content=\"Dur\u00e9e de lecture est.\">\n\t<meta name=\"twitter:data1\" content=\"22 minutes\">\n<script type=\"application\/ld+json\" class=\"yoast-schema-graph\">{\"@context\":\"https:\/\/schema.org\",\"@graph\":[{\"@type\":\"Organization\",\"@id\":\"https:\/\/www.franceeco-franceoligo.fr\/#organization\",\"name\":\"France ECO - France Oligo\",\"url\":\"https:\/\/www.franceeco-franceoligo.fr\/\",\"sameAs\":[\"https:\/\/www.facebook.com\/franceeco.sarl\"],\"logo\":{\"@type\":\"ImageObject\",\"@id\":\"https:\/\/www.franceeco-franceoligo.fr\/#logo\",\"inLanguage\":\"fr-FR\",\"url\":\"https:\/\/www.franceeco-franceoligo.fr\/wp-content\/uploads\/2020\/07\/foliaires-ch\\u00e9lates-jpg.jpg\",\"contentUrl\":\"https:\/\/www.franceeco-franceoligo.fr\/wp-content\/uploads\/2020\/07\/foliaires-ch\\u00e9lates-jpg.jpg\",\"width\":505,\"height\":612,\"caption\":\"France ECO - France Oligo\"},\"image\":{\"@id\":\"https:\/\/www.franceeco-franceoligo.fr\/#logo\"}},{\"@type\":\"WebSite\",\"@id\":\"https:\/\/www.franceeco-franceoligo.fr\/#website\",\"url\":\"https:\/\/www.franceeco-franceoligo.fr\/\",\"name\":\"France ECO - France Oligo\",\"description\":\"Producteur et distributeur : viticulture, arboriculture et grandes cultures\",\"publisher\":{\"@id\":\"https:\/\/www.franceeco-franceoligo.fr\/#organization\"},\"potentialAction\":[{\"@type\":\"SearchAction\",\"target\":\"https:\/\/www.franceeco-franceoligo.fr\/?s={search_term_string}\",\"query-input\":\"required name=search_term_string\"}],\"inLanguage\":\"fr-FR\"},{\"@type\":\"ImageObject\",\"@id\":\"https:\/\/www.franceeco-franceoligo.fr\/index.php\/personnalisation-articles-publicitaires\/#primaryimage\",\"inLanguage\":\"fr-FR\",\"url\":\"https:\/\/www.franceeco-franceoligo.fr\/wp-content\/uploads\/2020\/07\/perso-g\\u00e9n\\u00e9ral.jpg\",\"contentUrl\":\"https:\/\/www.franceeco-franceoligo.fr\/wp-content\/uploads\/2020\/07\/perso-g\\u00e9n\\u00e9ral.jpg\",\"width\":438,\"height\":481,\"caption\":\"articles publicitaires goodies personnalis\\u00e9s france eco reims champagne\"},{\"@type\":\"WebPage\",\"@id\":\"https:\/\/www.franceeco-franceoligo.fr\/index.php\/personnalisation-articles-publicitaires\/#webpage\",\"url\":\"https:\/\/www.franceeco-franceoligo.fr\/index.php\/personnalisation-articles-publicitaires\/\",\"name\":\"Personnalisation articles publicitaires champagne - France ECO\",\"isPartOf\":{\"@id\":\"https:\/\/www.franceeco-franceoligo.fr\/#website\"},\"primaryImageOfPage\":{\"@id\":\"https:\/\/www.franceeco-franceoligo.fr\/index.php\/personnalisation-articles-publicitaires\/#primaryimage\"},\"datePublished\":\"2020-07-05T11:28:08+00:00\",\"dateModified\":\"2020-11-18T10:43:50+00:00\",\"description\":\"D\\u00e9couvrez notre service personnalisation : Champagne (cartons, \\u00e9tuis, fl\\u00fbtes), PLV (stand, rollup), textiles, v\\u00eatements, goodies et articles publicitaires.\",\"breadcrumb\":{\"@id\":\"https:\/\/www.franceeco-franceoligo.fr\/index.php\/personnalisation-articles-publicitaires\/#breadcrumb\"},\"inLanguage\":\"fr-FR\",\"potentialAction\":[{\"@type\":\"ReadAction\",\"target\":[\"https:\/\/www.franceeco-franceoligo.fr\/index.php\/personnalisation-articles-publicitaires\/\"]}]},{\"@type\":\"BreadcrumbList\",\"@id\":\"https:\/\/www.franceeco-franceoligo.fr\/index.php\/personnalisation-articles-publicitaires\/#breadcrumb\",\"itemListElement\":[{\"@type\":\"ListItem\",\"position\":1,\"item\":{\"@type\":\"WebPage\",\"@id\":\"https:\/\/www.franceeco-franceoligo.fr\/\",\"url\":\"https:\/\/www.franceeco-franceoligo.fr\/\",\"name\":\"Accueil\"}},{\"@type\":\"ListItem\",\"position\":2,\"item\":{\"@type\":\"WebPage\",\"@id\":\"https:\/\/www.franceeco-franceoligo.fr\/index.php\/personnalisation-articles-publicitaires\/\",\"url\":\"https:\/\/www.franceeco-franceoligo.fr\/index.php\/personnalisation-articles-publicitaires\/\",\"name\":\"Personnalisation\"}}]}]}<\/script>\n<!-- \/ Yoast SEO plugin. -->","_links":{"self":[{"href":"https:\/\/www.franceeco-franceoligo.fr\/index.php\/wp-json\/wp\/v2\/pages\/36"}],"collection":[{"href":"https:\/\/www.franceeco-franceoligo.fr\/index.php\/wp-json\/wp\/v2\/pages"}],"about":[{"href":"https:\/\/www.franceeco-franceoligo.fr\/index.php\/wp-json\/wp\/v2\/types\/page"}],"author":[{"embeddable":true,"href":"https:\/\/www.franceeco-franceoligo.fr\/index.php\/wp-json\/wp\/v2\/users\/1"}],"replies":[{"embeddable":true,"href":"https:\/\/www.franceeco-franceoligo.fr\/index.php\/wp-json\/wp\/v2\/comments?post=36"}],"version-history":[{"count":48,"href":"https:\/\/www.franceeco-franceoligo.fr\/index.php\/wp-json\/wp\/v2\/pages\/36\/revisions"}],"predecessor-version":[{"id":1312,"href":"https:\/\/www.franceeco-franceoligo.fr\/index.php\/wp-json\/wp\/v2\/pages\/36\/revisions\/1312"}],"wp:featuredmedia":[{"embeddable":true,"href":"https:\/\/www.franceeco-franceoligo.fr\/index.php\/wp-json\/wp\/v2\/media\/595"}],"wp:attachment":[{"href":"https:\/\/www.franceeco-franceoligo.fr\/index.php\/wp-json\/wp\/v2\/media?parent=36"}],"curies":[{"name":"wp","href":"https:\/\/api.w.org\/{rel}","templated":true}]}}