{"id":32,"date":"2020-07-05T13:27:02","date_gmt":"2020-07-05T11:27:02","guid":{"rendered":"https:\/\/www.franceeco-franceoligo.fr\/?page_id=32"},"modified":"2020-11-18T11:42:38","modified_gmt":"2020-11-18T10:42:38","slug":"futs-de-chene-et-supports","status":"publish","type":"page","link":"https:\/\/www.franceeco-franceoligo.fr\/index.php\/futs-de-chene-et-supports\/","title":{"rendered":"F\u00fbts de ch\u00eane et supports"},"content":{"rendered":"\n<p><FONT face=\"Montserrat\"><FONT size=\"1pt\"><span style=\"color: #ffffff;\">f\u00fbts de ch\u00eane et supports France Eco France Oligo.<\/span><\/FONT><\/FONT><\/p><\/p>\n","protected":false},"excerpt":{"rendered":"<p>f\u00fbts de ch\u00eane et supports France Eco France Oligo.<\/p>\n","protected":false},"author":1,"featured_media":230,"parent":0,"menu_order":0,"comment_status":"closed","ping_status":"closed","template":"","meta":{"_monsterinsights_skip_tracking":false,"_monsterinsights_sitenote_active":false,"_monsterinsights_sitenote_note":"","_monsterinsights_sitenote_category":0},"yoast_head":"<!-- This site is optimized with the Yoast SEO plugin v16.1.1 - https:\/\/yoast.com\/wordpress\/plugins\/seo\/ -->\n<title>F\u00fbts de ch\u00eane et supports - France ECO - France Oligo<\/title>\n<meta name=\"description\" content=\"d\u00e9couvrez nos r\u00e9f\u00e9rences de f\u00fbts de ch\u00eane fran\u00e7ais, ainsi que les supports de f\u00fbts (simple ou double) qu&#039;ils soient en bois ou m\u00e9talliques.\" \/>\n<link rel=\"canonical\" href=\"https:\/\/www.franceeco-franceoligo.fr\/index.php\/futs-de-chene-et-supports\/\" \/>\n<meta property=\"og:locale\" content=\"fr_FR\" \/>\n<meta property=\"og:type\" content=\"article\" \/>\n<meta property=\"og:title\" content=\"F\u00fbts de ch\u00eane et supports - France ECO - France Oligo\" \/>\n<meta property=\"og:description\" content=\"d\u00e9couvrez nos r\u00e9f\u00e9rences de f\u00fbts de ch\u00eane fran\u00e7ais, ainsi que les supports de f\u00fbts (simple ou double) qu&#039;ils soient en bois ou m\u00e9talliques.\" \/>\n<meta property=\"og:url\" content=\"https:\/\/www.franceeco-franceoligo.fr\/index.php\/futs-de-chene-et-supports\/\" \/>\n<meta property=\"og:site_name\" content=\"France ECO - France Oligo\" \/>\n<meta property=\"article:publisher\" content=\"https:\/\/www.facebook.com\/franceeco.sarl\" \/>\n<meta property=\"article:modified_time\" content=\"2020-11-18T10:42:38+00:00\" \/>\n<meta property=\"og:image\" content=\"https:\/\/www.franceeco-franceoligo.fr\/wp-content\/uploads\/2020\/07\/futs-3.jpg\" \/>\n\t<meta property=\"og:image:width\" content=\"547\" \/>\n\t<meta property=\"og:image:height\" content=\"629\" \/>\n<meta name=\"twitter:card\" content=\"summary_large_image\" \/>\n<meta name=\"twitter:label1\" content=\"Dur\u00e9e de lecture est.\">\n\t<meta name=\"twitter:data1\" content=\"12 minutes\">\n<script type=\"application\/ld+json\" class=\"yoast-schema-graph\">{\"@context\":\"https:\/\/schema.org\",\"@graph\":[{\"@type\":\"Organization\",\"@id\":\"https:\/\/www.franceeco-franceoligo.fr\/#organization\",\"name\":\"France ECO - France Oligo\",\"url\":\"https:\/\/www.franceeco-franceoligo.fr\/\",\"sameAs\":[\"https:\/\/www.facebook.com\/franceeco.sarl\"],\"logo\":{\"@type\":\"ImageObject\",\"@id\":\"https:\/\/www.franceeco-franceoligo.fr\/#logo\",\"inLanguage\":\"fr-FR\",\"url\":\"https:\/\/www.franceeco-franceoligo.fr\/wp-content\/uploads\/2020\/07\/foliaires-ch\\u00e9lates-jpg.jpg\",\"contentUrl\":\"https:\/\/www.franceeco-franceoligo.fr\/wp-content\/uploads\/2020\/07\/foliaires-ch\\u00e9lates-jpg.jpg\",\"width\":505,\"height\":612,\"caption\":\"France ECO - France Oligo\"},\"image\":{\"@id\":\"https:\/\/www.franceeco-franceoligo.fr\/#logo\"}},{\"@type\":\"WebSite\",\"@id\":\"https:\/\/www.franceeco-franceoligo.fr\/#website\",\"url\":\"https:\/\/www.franceeco-franceoligo.fr\/\",\"name\":\"France ECO - France Oligo\",\"description\":\"Producteur et distributeur : viticulture, arboriculture et grandes cultures\",\"publisher\":{\"@id\":\"https:\/\/www.franceeco-franceoligo.fr\/#organization\"},\"potentialAction\":[{\"@type\":\"SearchAction\",\"target\":\"https:\/\/www.franceeco-franceoligo.fr\/?s={search_term_string}\",\"query-input\":\"required name=search_term_string\"}],\"inLanguage\":\"fr-FR\"},{\"@type\":\"ImageObject\",\"@id\":\"https:\/\/www.franceeco-franceoligo.fr\/index.php\/futs-de-chene-et-supports\/#primaryimage\",\"inLanguage\":\"fr-FR\",\"url\":\"https:\/\/www.franceeco-franceoligo.fr\/wp-content\/uploads\/2020\/07\/futs-3.jpg\",\"contentUrl\":\"https:\/\/www.franceeco-franceoligo.fr\/wp-content\/uploads\/2020\/07\/futs-3.jpg\",\"width\":547,\"height\":629,\"caption\":\"futs chene francais et support france eco reims\"},{\"@type\":\"WebPage\",\"@id\":\"https:\/\/www.franceeco-franceoligo.fr\/index.php\/futs-de-chene-et-supports\/#webpage\",\"url\":\"https:\/\/www.franceeco-franceoligo.fr\/index.php\/futs-de-chene-et-supports\/\",\"name\":\"F\\u00fbts de ch\\u00eane et supports - France ECO - France Oligo\",\"isPartOf\":{\"@id\":\"https:\/\/www.franceeco-franceoligo.fr\/#website\"},\"primaryImageOfPage\":{\"@id\":\"https:\/\/www.franceeco-franceoligo.fr\/index.php\/futs-de-chene-et-supports\/#primaryimage\"},\"datePublished\":\"2020-07-05T11:27:02+00:00\",\"dateModified\":\"2020-11-18T10:42:38+00:00\",\"description\":\"d\\u00e9couvrez nos r\\u00e9f\\u00e9rences de f\\u00fbts de ch\\u00eane fran\\u00e7ais, ainsi que les supports de f\\u00fbts (simple ou double) qu'ils soient en bois ou m\\u00e9talliques.\",\"breadcrumb\":{\"@id\":\"https:\/\/www.franceeco-franceoligo.fr\/index.php\/futs-de-chene-et-supports\/#breadcrumb\"},\"inLanguage\":\"fr-FR\",\"potentialAction\":[{\"@type\":\"ReadAction\",\"target\":[\"https:\/\/www.franceeco-franceoligo.fr\/index.php\/futs-de-chene-et-supports\/\"]}]},{\"@type\":\"BreadcrumbList\",\"@id\":\"https:\/\/www.franceeco-franceoligo.fr\/index.php\/futs-de-chene-et-supports\/#breadcrumb\",\"itemListElement\":[{\"@type\":\"ListItem\",\"position\":1,\"item\":{\"@type\":\"WebPage\",\"@id\":\"https:\/\/www.franceeco-franceoligo.fr\/\",\"url\":\"https:\/\/www.franceeco-franceoligo.fr\/\",\"name\":\"Accueil\"}},{\"@type\":\"ListItem\",\"position\":2,\"item\":{\"@type\":\"WebPage\",\"@id\":\"https:\/\/www.franceeco-franceoligo.fr\/index.php\/futs-de-chene-et-supports\/\",\"url\":\"https:\/\/www.franceeco-franceoligo.fr\/index.php\/futs-de-chene-et-supports\/\",\"name\":\"F\\u00fbts de ch\\u00eane et supports\"}}]}]}<\/script>\n<!-- \/ Yoast SEO plugin. -->","_links":{"self":[{"href":"https:\/\/www.franceeco-franceoligo.fr\/index.php\/wp-json\/wp\/v2\/pages\/32"}],"collection":[{"href":"https:\/\/www.franceeco-franceoligo.fr\/index.php\/wp-json\/wp\/v2\/pages"}],"about":[{"href":"https:\/\/www.franceeco-franceoligo.fr\/index.php\/wp-json\/wp\/v2\/types\/page"}],"author":[{"embeddable":true,"href":"https:\/\/www.franceeco-franceoligo.fr\/index.php\/wp-json\/wp\/v2\/users\/1"}],"replies":[{"embeddable":true,"href":"https:\/\/www.franceeco-franceoligo.fr\/index.php\/wp-json\/wp\/v2\/comments?post=32"}],"version-history":[{"count":78,"href":"https:\/\/www.franceeco-franceoligo.fr\/index.php\/wp-json\/wp\/v2\/pages\/32\/revisions"}],"predecessor-version":[{"id":1310,"href":"https:\/\/www.franceeco-franceoligo.fr\/index.php\/wp-json\/wp\/v2\/pages\/32\/revisions\/1310"}],"wp:featuredmedia":[{"embeddable":true,"href":"https:\/\/www.franceeco-franceoligo.fr\/index.php\/wp-json\/wp\/v2\/media\/230"}],"wp:attachment":[{"href":"https:\/\/www.franceeco-franceoligo.fr\/index.php\/wp-json\/wp\/v2\/media?parent=32"}],"curies":[{"name":"wp","href":"https:\/\/api.w.org\/{rel}","templated":true}]}}