{"id":30,"date":"2020-07-05T13:26:45","date_gmt":"2020-07-05T11:26:45","guid":{"rendered":"https:\/\/www.franceeco-franceoligo.fr\/?page_id=30"},"modified":"2020-11-18T11:39:37","modified_gmt":"2020-11-18T10:39:37","slug":"courtage","status":"publish","type":"page","link":"https:\/\/www.franceeco-franceoligo.fr\/index.php\/courtage\/","title":{"rendered":"Courtage"},"content":{"rendered":"\n<p><FONT face=\"Montserrat\"><FONT size=\"1pt\"><span style=\"color: #ffffff;\">Courtage France Eco France Oligo,Distributeur Viticulture arboriculture grandes cultures.<\/span><\/FONT><\/FONT><\/p><p><\/p>\n","protected":false},"excerpt":{"rendered":"<p>Courtage France Eco France Oligo,Distributeur Viticulture arboriculture grandes cultures.<\/p>\n","protected":false},"author":1,"featured_media":219,"parent":0,"menu_order":0,"comment_status":"closed","ping_status":"closed","template":"","meta":{"_monsterinsights_skip_tracking":false,"_monsterinsights_sitenote_active":false,"_monsterinsights_sitenote_note":"","_monsterinsights_sitenote_category":0},"yoast_head":"<!-- This site is optimized with the Yoast SEO plugin v16.1.1 - https:\/\/yoast.com\/wordpress\/plugins\/seo\/ -->\n<title>Courtage M. Fr\u00e9d\u00e9ric Germond - France ECO - France Oligo<\/title>\n<meta name=\"description\" content=\"M. Fr\u00e9d\u00e9ric Germond est courtier asserment\u00e9 \u00e0 la cours d&#039;appel de Reims. Activit\u00e9 de courtage li\u00e9 \u00e0 la viticulture (raisins, mo\u00fbts, latte...)\" \/>\n<link rel=\"canonical\" href=\"https:\/\/www.franceeco-franceoligo.fr\/index.php\/courtage\/\" \/>\n<meta property=\"og:locale\" content=\"fr_FR\" \/>\n<meta property=\"og:type\" content=\"article\" \/>\n<meta property=\"og:title\" content=\"Courtage M. Fr\u00e9d\u00e9ric Germond - France ECO - France Oligo\" \/>\n<meta property=\"og:description\" content=\"M. Fr\u00e9d\u00e9ric Germond est courtier asserment\u00e9 \u00e0 la cours d&#039;appel de Reims. Activit\u00e9 de courtage li\u00e9 \u00e0 la viticulture (raisins, mo\u00fbts, latte...)\" \/>\n<meta property=\"og:url\" content=\"https:\/\/www.franceeco-franceoligo.fr\/index.php\/courtage\/\" \/>\n<meta property=\"og:site_name\" content=\"France ECO - France Oligo\" \/>\n<meta property=\"article:publisher\" content=\"https:\/\/www.facebook.com\/franceeco.sarl\" \/>\n<meta property=\"article:modified_time\" content=\"2020-11-18T10:39:37+00:00\" \/>\n<meta property=\"og:image\" content=\"https:\/\/www.franceeco-franceoligo.fr\/wp-content\/uploads\/2020\/07\/courtage.jpg\" \/>\n\t<meta property=\"og:image:width\" content=\"509\" \/>\n\t<meta property=\"og:image:height\" content=\"577\" \/>\n<meta name=\"twitter:card\" content=\"summary_large_image\" \/>\n<meta name=\"twitter:label1\" content=\"Dur\u00e9e de lecture est.\">\n\t<meta name=\"twitter:data1\" content=\"8 minutes\">\n<script type=\"application\/ld+json\" class=\"yoast-schema-graph\">{\"@context\":\"https:\/\/schema.org\",\"@graph\":[{\"@type\":\"Organization\",\"@id\":\"https:\/\/www.franceeco-franceoligo.fr\/#organization\",\"name\":\"France ECO - France Oligo\",\"url\":\"https:\/\/www.franceeco-franceoligo.fr\/\",\"sameAs\":[\"https:\/\/www.facebook.com\/franceeco.sarl\"],\"logo\":{\"@type\":\"ImageObject\",\"@id\":\"https:\/\/www.franceeco-franceoligo.fr\/#logo\",\"inLanguage\":\"fr-FR\",\"url\":\"https:\/\/www.franceeco-franceoligo.fr\/wp-content\/uploads\/2020\/07\/foliaires-ch\\u00e9lates-jpg.jpg\",\"contentUrl\":\"https:\/\/www.franceeco-franceoligo.fr\/wp-content\/uploads\/2020\/07\/foliaires-ch\\u00e9lates-jpg.jpg\",\"width\":505,\"height\":612,\"caption\":\"France ECO - France Oligo\"},\"image\":{\"@id\":\"https:\/\/www.franceeco-franceoligo.fr\/#logo\"}},{\"@type\":\"WebSite\",\"@id\":\"https:\/\/www.franceeco-franceoligo.fr\/#website\",\"url\":\"https:\/\/www.franceeco-franceoligo.fr\/\",\"name\":\"France ECO - France Oligo\",\"description\":\"Producteur et distributeur : viticulture, arboriculture et grandes cultures\",\"publisher\":{\"@id\":\"https:\/\/www.franceeco-franceoligo.fr\/#organization\"},\"potentialAction\":[{\"@type\":\"SearchAction\",\"target\":\"https:\/\/www.franceeco-franceoligo.fr\/?s={search_term_string}\",\"query-input\":\"required name=search_term_string\"}],\"inLanguage\":\"fr-FR\"},{\"@type\":\"ImageObject\",\"@id\":\"https:\/\/www.franceeco-franceoligo.fr\/index.php\/courtage\/#primaryimage\",\"inLanguage\":\"fr-FR\",\"url\":\"https:\/\/www.franceeco-franceoligo.fr\/wp-content\/uploads\/2020\/07\/courtage.jpg\",\"contentUrl\":\"https:\/\/www.franceeco-franceoligo.fr\/wp-content\/uploads\/2020\/07\/courtage.jpg\",\"width\":509,\"height\":577,\"caption\":\"courtage champagne raison vin reims courtier\"},{\"@type\":\"WebPage\",\"@id\":\"https:\/\/www.franceeco-franceoligo.fr\/index.php\/courtage\/#webpage\",\"url\":\"https:\/\/www.franceeco-franceoligo.fr\/index.php\/courtage\/\",\"name\":\"Courtage M. Fr\\u00e9d\\u00e9ric Germond - France ECO - France Oligo\",\"isPartOf\":{\"@id\":\"https:\/\/www.franceeco-franceoligo.fr\/#website\"},\"primaryImageOfPage\":{\"@id\":\"https:\/\/www.franceeco-franceoligo.fr\/index.php\/courtage\/#primaryimage\"},\"datePublished\":\"2020-07-05T11:26:45+00:00\",\"dateModified\":\"2020-11-18T10:39:37+00:00\",\"description\":\"M. Fr\\u00e9d\\u00e9ric Germond est courtier asserment\\u00e9 \\u00e0 la cours d'appel de Reims. Activit\\u00e9 de courtage li\\u00e9 \\u00e0 la viticulture (raisins, mo\\u00fbts, latte...)\",\"breadcrumb\":{\"@id\":\"https:\/\/www.franceeco-franceoligo.fr\/index.php\/courtage\/#breadcrumb\"},\"inLanguage\":\"fr-FR\",\"potentialAction\":[{\"@type\":\"ReadAction\",\"target\":[\"https:\/\/www.franceeco-franceoligo.fr\/index.php\/courtage\/\"]}]},{\"@type\":\"BreadcrumbList\",\"@id\":\"https:\/\/www.franceeco-franceoligo.fr\/index.php\/courtage\/#breadcrumb\",\"itemListElement\":[{\"@type\":\"ListItem\",\"position\":1,\"item\":{\"@type\":\"WebPage\",\"@id\":\"https:\/\/www.franceeco-franceoligo.fr\/\",\"url\":\"https:\/\/www.franceeco-franceoligo.fr\/\",\"name\":\"Accueil\"}},{\"@type\":\"ListItem\",\"position\":2,\"item\":{\"@type\":\"WebPage\",\"@id\":\"https:\/\/www.franceeco-franceoligo.fr\/index.php\/courtage\/\",\"url\":\"https:\/\/www.franceeco-franceoligo.fr\/index.php\/courtage\/\",\"name\":\"Courtage\"}}]}]}<\/script>\n<!-- \/ Yoast SEO plugin. -->","_links":{"self":[{"href":"https:\/\/www.franceeco-franceoligo.fr\/index.php\/wp-json\/wp\/v2\/pages\/30"}],"collection":[{"href":"https:\/\/www.franceeco-franceoligo.fr\/index.php\/wp-json\/wp\/v2\/pages"}],"about":[{"href":"https:\/\/www.franceeco-franceoligo.fr\/index.php\/wp-json\/wp\/v2\/types\/page"}],"author":[{"embeddable":true,"href":"https:\/\/www.franceeco-franceoligo.fr\/index.php\/wp-json\/wp\/v2\/users\/1"}],"replies":[{"embeddable":true,"href":"https:\/\/www.franceeco-franceoligo.fr\/index.php\/wp-json\/wp\/v2\/comments?post=30"}],"version-history":[{"count":22,"href":"https:\/\/www.franceeco-franceoligo.fr\/index.php\/wp-json\/wp\/v2\/pages\/30\/revisions"}],"predecessor-version":[{"id":1306,"href":"https:\/\/www.franceeco-franceoligo.fr\/index.php\/wp-json\/wp\/v2\/pages\/30\/revisions\/1306"}],"wp:featuredmedia":[{"embeddable":true,"href":"https:\/\/www.franceeco-franceoligo.fr\/index.php\/wp-json\/wp\/v2\/media\/219"}],"wp:attachment":[{"href":"https:\/\/www.franceeco-franceoligo.fr\/index.php\/wp-json\/wp\/v2\/media?parent=30"}],"curies":[{"name":"wp","href":"https:\/\/api.w.org\/{rel}","templated":true}]}}