{"id":118,"date":"2020-07-05T19:23:49","date_gmt":"2020-07-05T17:23:49","guid":{"rendered":"https:\/\/www.franceeco-franceoligo.fr\/?page_id=118"},"modified":"2020-11-18T11:37:35","modified_gmt":"2020-11-18T10:37:35","slug":"contact","status":"publish","type":"page","link":"https:\/\/www.franceeco-franceoligo.fr\/index.php\/contact\/","title":{"rendered":"Contact"},"content":{"rendered":"\n<p><FONT face=\"Montserrat\"><FONT size=\"1pt\"><span style=\"color: #FFFFFF;\">Contact France Eco France Oligo<\/span><\/FONT><\/FONT><\/p><p style=\"text-align: center;\"><\/p>\n\n\n\n<p><\/p>\n","protected":false},"excerpt":{"rendered":"<p>Contact France Eco France Oligo<\/p>\n","protected":false},"author":1,"featured_media":669,"parent":0,"menu_order":0,"comment_status":"closed","ping_status":"closed","template":"","meta":{"_monsterinsights_skip_tracking":false,"_monsterinsights_sitenote_active":false,"_monsterinsights_sitenote_note":"","_monsterinsights_sitenote_category":0},"yoast_head":"<!-- This site is optimized with the Yoast SEO plugin v16.1.1 - https:\/\/yoast.com\/wordpress\/plugins\/seo\/ -->\n<title>Contact - France ECO - France Oligo : Formulaire pour nous \u00e9crire.<\/title>\n<meta name=\"description\" content=\"Contact : N&#039;h\u00e9sitez pas \u00e0 nous \u00e9crire pour toute demande de devis ou d&#039;un compl\u00e9ment d&#039;information, via notre formulaire.\" \/>\n<link rel=\"canonical\" href=\"https:\/\/www.franceeco-franceoligo.fr\/index.php\/contact\/\" \/>\n<meta property=\"og:locale\" content=\"fr_FR\" \/>\n<meta property=\"og:type\" content=\"article\" \/>\n<meta property=\"og:title\" content=\"Contact - France ECO - France Oligo : Formulaire pour nous \u00e9crire.\" \/>\n<meta property=\"og:description\" content=\"Contact : N&#039;h\u00e9sitez pas \u00e0 nous \u00e9crire pour toute demande de devis ou d&#039;un compl\u00e9ment d&#039;information, via notre formulaire.\" \/>\n<meta property=\"og:url\" content=\"https:\/\/www.franceeco-franceoligo.fr\/index.php\/contact\/\" \/>\n<meta property=\"og:site_name\" content=\"France ECO - France Oligo\" \/>\n<meta property=\"article:publisher\" content=\"https:\/\/www.facebook.com\/franceeco.sarl\" \/>\n<meta property=\"article:modified_time\" content=\"2020-11-18T10:37:35+00:00\" \/>\n<meta property=\"og:image\" content=\"https:\/\/www.franceeco-franceoligo.fr\/wp-content\/uploads\/2020\/07\/france-eco2.png\" \/>\n\t<meta property=\"og:image:width\" content=\"1016\" \/>\n\t<meta property=\"og:image:height\" content=\"592\" \/>\n<meta name=\"twitter:card\" content=\"summary_large_image\" \/>\n<meta name=\"twitter:label1\" content=\"Dur\u00e9e de lecture est.\">\n\t<meta name=\"twitter:data1\" content=\"5 minutes\">\n<script type=\"application\/ld+json\" class=\"yoast-schema-graph\">{\"@context\":\"https:\/\/schema.org\",\"@graph\":[{\"@type\":\"Organization\",\"@id\":\"https:\/\/www.franceeco-franceoligo.fr\/#organization\",\"name\":\"France ECO - France Oligo\",\"url\":\"https:\/\/www.franceeco-franceoligo.fr\/\",\"sameAs\":[\"https:\/\/www.facebook.com\/franceeco.sarl\"],\"logo\":{\"@type\":\"ImageObject\",\"@id\":\"https:\/\/www.franceeco-franceoligo.fr\/#logo\",\"inLanguage\":\"fr-FR\",\"url\":\"https:\/\/www.franceeco-franceoligo.fr\/wp-content\/uploads\/2020\/07\/foliaires-ch\\u00e9lates-jpg.jpg\",\"contentUrl\":\"https:\/\/www.franceeco-franceoligo.fr\/wp-content\/uploads\/2020\/07\/foliaires-ch\\u00e9lates-jpg.jpg\",\"width\":505,\"height\":612,\"caption\":\"France ECO - France Oligo\"},\"image\":{\"@id\":\"https:\/\/www.franceeco-franceoligo.fr\/#logo\"}},{\"@type\":\"WebSite\",\"@id\":\"https:\/\/www.franceeco-franceoligo.fr\/#website\",\"url\":\"https:\/\/www.franceeco-franceoligo.fr\/\",\"name\":\"France ECO - France Oligo\",\"description\":\"Producteur et distributeur : viticulture, arboriculture et grandes cultures\",\"publisher\":{\"@id\":\"https:\/\/www.franceeco-franceoligo.fr\/#organization\"},\"potentialAction\":[{\"@type\":\"SearchAction\",\"target\":\"https:\/\/www.franceeco-franceoligo.fr\/?s={search_term_string}\",\"query-input\":\"required name=search_term_string\"}],\"inLanguage\":\"fr-FR\"},{\"@type\":\"ImageObject\",\"@id\":\"https:\/\/www.franceeco-franceoligo.fr\/index.php\/contact\/#primaryimage\",\"inLanguage\":\"fr-FR\",\"url\":\"https:\/\/www.franceeco-franceoligo.fr\/wp-content\/uploads\/2020\/07\/france-eco2.png\",\"contentUrl\":\"https:\/\/www.franceeco-franceoligo.fr\/wp-content\/uploads\/2020\/07\/france-eco2.png\",\"width\":1016,\"height\":592,\"caption\":\"logo france \\u00e9co\"},{\"@type\":\"WebPage\",\"@id\":\"https:\/\/www.franceeco-franceoligo.fr\/index.php\/contact\/#webpage\",\"url\":\"https:\/\/www.franceeco-franceoligo.fr\/index.php\/contact\/\",\"name\":\"Contact - France ECO - France Oligo : Formulaire pour nous \\u00e9crire.\",\"isPartOf\":{\"@id\":\"https:\/\/www.franceeco-franceoligo.fr\/#website\"},\"primaryImageOfPage\":{\"@id\":\"https:\/\/www.franceeco-franceoligo.fr\/index.php\/contact\/#primaryimage\"},\"datePublished\":\"2020-07-05T17:23:49+00:00\",\"dateModified\":\"2020-11-18T10:37:35+00:00\",\"description\":\"Contact : N'h\\u00e9sitez pas \\u00e0 nous \\u00e9crire pour toute demande de devis ou d'un compl\\u00e9ment d'information, via notre formulaire.\",\"breadcrumb\":{\"@id\":\"https:\/\/www.franceeco-franceoligo.fr\/index.php\/contact\/#breadcrumb\"},\"inLanguage\":\"fr-FR\",\"potentialAction\":[{\"@type\":\"ReadAction\",\"target\":[\"https:\/\/www.franceeco-franceoligo.fr\/index.php\/contact\/\"]}]},{\"@type\":\"BreadcrumbList\",\"@id\":\"https:\/\/www.franceeco-franceoligo.fr\/index.php\/contact\/#breadcrumb\",\"itemListElement\":[{\"@type\":\"ListItem\",\"position\":1,\"item\":{\"@type\":\"WebPage\",\"@id\":\"https:\/\/www.franceeco-franceoligo.fr\/\",\"url\":\"https:\/\/www.franceeco-franceoligo.fr\/\",\"name\":\"Accueil\"}},{\"@type\":\"ListItem\",\"position\":2,\"item\":{\"@type\":\"WebPage\",\"@id\":\"https:\/\/www.franceeco-franceoligo.fr\/index.php\/contact\/\",\"url\":\"https:\/\/www.franceeco-franceoligo.fr\/index.php\/contact\/\",\"name\":\"Contact\"}}]}]}<\/script>\n<!-- \/ Yoast SEO plugin. -->","_links":{"self":[{"href":"https:\/\/www.franceeco-franceoligo.fr\/index.php\/wp-json\/wp\/v2\/pages\/118"}],"collection":[{"href":"https:\/\/www.franceeco-franceoligo.fr\/index.php\/wp-json\/wp\/v2\/pages"}],"about":[{"href":"https:\/\/www.franceeco-franceoligo.fr\/index.php\/wp-json\/wp\/v2\/types\/page"}],"author":[{"embeddable":true,"href":"https:\/\/www.franceeco-franceoligo.fr\/index.php\/wp-json\/wp\/v2\/users\/1"}],"replies":[{"embeddable":true,"href":"https:\/\/www.franceeco-franceoligo.fr\/index.php\/wp-json\/wp\/v2\/comments?post=118"}],"version-history":[{"count":99,"href":"https:\/\/www.franceeco-franceoligo.fr\/index.php\/wp-json\/wp\/v2\/pages\/118\/revisions"}],"predecessor-version":[{"id":1304,"href":"https:\/\/www.franceeco-franceoligo.fr\/index.php\/wp-json\/wp\/v2\/pages\/118\/revisions\/1304"}],"wp:featuredmedia":[{"embeddable":true,"href":"https:\/\/www.franceeco-franceoligo.fr\/index.php\/wp-json\/wp\/v2\/media\/669"}],"wp:attachment":[{"href":"https:\/\/www.franceeco-franceoligo.fr\/index.php\/wp-json\/wp\/v2\/media?parent=118"}],"curies":[{"name":"wp","href":"https:\/\/api.w.org\/{rel}","templated":true}]}}